{"id":1231,"date":"2019-08-30T15:11:37","date_gmt":"2019-08-30T18:11:37","guid":{"rendered":"http:\/\/investtech.com.br\/?page_id=1231"},"modified":"2019-09-11T19:50:38","modified_gmt":"2019-09-11T22:50:38","slug":"fundos","status":"publish","type":"page","link":"https:\/\/investtech.com.br\/en\/fundos\/","title":{"rendered":"Funds"},"content":{"rendered":"<div class=\"wpb-content-wrapper\"><p>[vc_row el_id=&#8221;content-1&#8243; el_class=&#8221;max-width-800&#8243;][vc_column][vc_custom_heading text=&#8221;FUNDOS&#8221; font_container=&#8221;tag:h3|font_size:22px|text_align:center|color:%232a495f|line_height:30px&#8221; use_theme_fonts=&#8221;yes&#8221; el_class=&#8221;title red-line center&#8221; css=&#8221;.vc_custom_1567195244536{margin-top: 0px !important;margin-bottom: 45px !important;}&#8221;][\/vc_column][\/vc_row][vc_row el_class=&#8221;max-width-800&#8243;][vc_column][vc_column_text]<\/p>\n<p><span style=\"font-size: 20px;\"><b>Private Equity<\/b><\/span><\/p>\n<p><strong>Vis\u00e3o Geral<\/strong><\/p>\n<ul>\n<li>Fundos ativos: 3<\/li>\n<li>AUM: R$381,0 milh\u00f5es<\/li>\n<li>Empresas Investidas: 8<\/li>\n<li>N\u00famero de colaboradores operacionais: 2.251<\/li>\n<\/ul>\n<p>&nbsp;<\/p>\n<p><strong>Estrat\u00e9gia<\/strong><\/p>\n<p>Nosso neg\u00f3cio de Private Equity est\u00e1 focado em adquirir empresas com alto potencial de crescimento, com modelos de neg\u00f3cio comprovados, preferencialmente B2B ou B2B2C.<\/p>\n<p>Alinhamos os nossos interesses com os investidores atrav\u00e9s dos seguintes elementos : comprometimento de recursos financeiros do gestor, taxa de performance, taxa de administra\u00e7\u00e3o e dedica\u00e7\u00e3o da equipe.<\/p>\n<p>Focamos na agrega\u00e7\u00e3o da nossa experiencia com as equipes de gest\u00e3o atrav\u00e9s de parcerias<\/p>\n<p>Buscamos empresas com comprovado modelo de neg\u00f3cio e com gestores com track record dentro dos setores de tecnologia e telecom. Tudo isso com um amplo estudo setorial, uma criteriosa an\u00e1lise de potenciais targets e uma tese de investimento espec\u00edfica para cada novo fundo.<\/p>\n<p>Adotamos as mais altas pr\u00e1ticas de governan\u00e7a atrav\u00e9s de mecanismos previstos nos diversos instrumentos estabelecidos (regulamentos, contratos, pr\u00e1ticas, etc) e atrav\u00e9s de mecanismos internos que nos guiam no alinhamento das decis\u00f5es com os investidores.<\/p>\n<p>[\/vc_column_text][\/vc_column][\/vc_row][vc_row el_class=&#8221;max-width-800&#8243;][vc_column css=&#8221;.vc_custom_1567519161085{margin-top: 80px !important;}&#8221;][vc_column_text]<\/p>\n<p><span style=\"font-size: 20px;\"><b>Venture Capital<\/b><\/span><\/p>\n<p><strong>Vis\u00e3o Geral<\/strong><\/p>\n<ul>\n<li>Fundos ativos: 1<\/li>\n<li>AUM: R$46,5 milh\u00f5es<\/li>\n<li>Empresas Investidas: 2<\/li>\n<li>N\u00famero de colaboradores operacionais: XXX<\/li>\n<\/ul>\n<p>&nbsp;<\/p>\n<p><strong>Estrat\u00e9gia<\/strong><\/p>\n<p>No Venture Capital, buscamos startups com produtos\/servi\u00e7os j\u00e1 validados, que estejam captando capital semente para fortalecer sua proposta de valor e crescer. Tamb\u00e9m co-investimos em s\u00e9rie A.<\/p>\n<p>Investimos em empresas que sejam escal\u00e1veis, com o uso de tecnologia para a cria\u00e7\u00e3o de novos produtos\/servi\u00e7os, novos modelos de neg\u00f3cio, melhoria de processos, produtividade e efici\u00eancia. Somos agn\u00f3sticos em rela\u00e7\u00e3o ao setor, mas preferimos empresas B2B ou B2B2C, com parte do faturamento recorrente, e que tenham faturado no m\u00e1ximo R$16 milh\u00f5es no \u00faltimo ano.<\/p>\n<p>Acreditamos no potencial dos empreendedores e os ajudamos a se tornarem sua melhor vers\u00e3o. Sabemos que a jornada n\u00e3o \u00e9 f\u00e1cil, e nosso papel \u00e9 dar todo o suporte necess\u00e1rio para fundadores determinados e que tenham prop\u00f3sito. Acompanhamos os KPIs, oferecemos mentoria, apresentamos novos clientes e parceiros, e aconselhamos nas decis\u00f5es.<\/p>\n<p>Trabalhamos com exig\u00eancias de governan\u00e7a que seguem a pr\u00e1tica de mercado, e que permitem alinhar interesses entre os fundadores, a Invest Tech, e seus LPs.<\/p>\n<p>[\/vc_column_text][\/vc_column][\/vc_row][vc_row][vc_column][\/vc_column][\/vc_row]<\/p>\n<\/div>","protected":false},"excerpt":{"rendered":"<p>[vc_row el_id=&#8221;content-1&#8243; el_class=&#8221;max-width-800&#8243;][vc_column][vc_custom_heading text=&#8221;FUNDOS&#8221; font_container=&#8221;tag:h3|font_size:22px|text_align:center|color:%232a495f|line_height:30px&#8221; use_theme_fonts=&#8221;yes&#8221; el_class=&#8221;title red-line center&#8221; css=&#8221;.vc_custom_1567195244536{margin-top: 0px !important;margin-bottom: 45px !important;}&#8221;][\/vc_column][\/vc_row][vc_row el_class=&#8221;max-width-800&#8243;][vc_column][vc_column_text] Private Equity Vis\u00e3o Geral Fundos ativos: 3 AUM: R$381,0 milh\u00f5es Empresas Investidas: 8 N\u00famero de colaboradores operacionais: 2.251 &nbsp; Estrat\u00e9gia Nosso neg\u00f3cio de Private Equity est\u00e1 focado em adquirir empresas com alto potencial de crescimento, com modelos de neg\u00f3cio comprovados, [&hellip;]<\/p>\n","protected":false},"author":2,"featured_media":0,"parent":0,"menu_order":3,"comment_status":"closed","ping_status":"closed","template":"page-templates\/sem-titulo_sem-sidebar.php","meta":{"_acf_changed":false,"footnotes":""},"class_list":["post-1231","page","type-page","status-publish","hentry"],"acf":[],"yoast_head":"<!-- This site is optimized with the Yoast SEO plugin v26.8 - https:\/\/yoast.com\/product\/yoast-seo-wordpress\/ -->\n<title>Funds - Invest Tech<\/title>\n<meta name=\"robots\" content=\"index, follow, max-snippet:-1, max-image-preview:large, max-video-preview:-1\" \/>\n<link rel=\"canonical\" href=\"https:\/\/investtech.com.br\/fundos\/\" \/>\n<meta property=\"og:locale\" content=\"en_US\" \/>\n<meta property=\"og:type\" content=\"article\" \/>\n<meta property=\"og:title\" content=\"Funds - Invest Tech\" \/>\n<meta property=\"og:description\" content=\"[vc_row el_id=&#8221;content-1&#8243; el_class=&#8221;max-width-800&#8243;][vc_column][vc_custom_heading text=&#8221;FUNDOS&#8221; font_container=&#8221;tag:h3|font_size:22px|text_align:center|color:%232a495f|line_height:30px&#8221; use_theme_fonts=&#8221;yes&#8221; el_class=&#8221;title red-line center&#8221; css=&#8221;.vc_custom_1567195244536{margin-top: 0px !important;margin-bottom: 45px !important;}&#8221;][\/vc_column][\/vc_row][vc_row el_class=&#8221;max-width-800&#8243;][vc_column][vc_column_text] Private Equity Vis\u00e3o Geral Fundos ativos: 3 AUM: R$381,0 milh\u00f5es Empresas Investidas: 8 N\u00famero de colaboradores operacionais: 2.251 &nbsp; Estrat\u00e9gia Nosso neg\u00f3cio de Private Equity est\u00e1 focado em adquirir empresas com alto potencial de crescimento, com modelos de neg\u00f3cio comprovados, [&hellip;]\" \/>\n<meta property=\"og:url\" content=\"https:\/\/investtech.com.br\/fundos\/\" \/>\n<meta property=\"og:site_name\" content=\"Invest Tech\" \/>\n<meta property=\"article:modified_time\" content=\"2019-09-11T22:50:38+00:00\" \/>\n<meta property=\"og:image\" content=\"https:\/\/investtech.com.br\/wp-content\/uploads\/2019\/09\/invest-tech-invest-tech-sao-paulo-1-1.jpg\" \/>\n\t<meta property=\"og:image:width\" content=\"2000\" \/>\n\t<meta property=\"og:image:height\" content=\"853\" \/>\n\t<meta property=\"og:image:type\" content=\"image\/jpeg\" \/>\n<meta name=\"twitter:card\" content=\"summary_large_image\" \/>\n<meta name=\"twitter:label1\" content=\"Est. reading time\" \/>\n\t<meta name=\"twitter:data1\" content=\"2 minutes\" \/>\n<script type=\"application\/ld+json\" class=\"yoast-schema-graph\">{\"@context\":\"https:\/\/schema.org\",\"@graph\":[{\"@type\":\"WebPage\",\"@id\":\"https:\/\/investtech.com.br\/fundos\/\",\"url\":\"https:\/\/investtech.com.br\/fundos\/\",\"name\":\"Funds - Invest Tech\",\"isPartOf\":{\"@id\":\"https:\/\/investtech.com.br\/#website\"},\"datePublished\":\"2019-08-30T18:11:37+00:00\",\"dateModified\":\"2019-09-11T22:50:38+00:00\",\"breadcrumb\":{\"@id\":\"https:\/\/investtech.com.br\/fundos\/#breadcrumb\"},\"inLanguage\":\"en-US\",\"potentialAction\":[{\"@type\":\"ReadAction\",\"target\":[\"https:\/\/investtech.com.br\/fundos\/\"]}]},{\"@type\":\"BreadcrumbList\",\"@id\":\"https:\/\/investtech.com.br\/fundos\/#breadcrumb\",\"itemListElement\":[{\"@type\":\"ListItem\",\"position\":1,\"name\":\"In\u00edcio\",\"item\":\"https:\/\/investtech.com.br\/\"},{\"@type\":\"ListItem\",\"position\":2,\"name\":\"Fundos\"}]},{\"@type\":\"WebSite\",\"@id\":\"https:\/\/investtech.com.br\/#website\",\"url\":\"https:\/\/investtech.com.br\/\",\"name\":\"Invest Tech\",\"description\":\"\",\"potentialAction\":[{\"@type\":\"SearchAction\",\"target\":{\"@type\":\"EntryPoint\",\"urlTemplate\":\"https:\/\/investtech.com.br\/?s={search_term_string}\"},\"query-input\":{\"@type\":\"PropertyValueSpecification\",\"valueRequired\":true,\"valueName\":\"search_term_string\"}}],\"inLanguage\":\"en-US\"}]}<\/script>\n<!-- \/ Yoast SEO plugin. -->","yoast_head_json":{"title":"Funds - Invest Tech","robots":{"index":"index","follow":"follow","max-snippet":"max-snippet:-1","max-image-preview":"max-image-preview:large","max-video-preview":"max-video-preview:-1"},"canonical":"https:\/\/investtech.com.br\/fundos\/","og_locale":"en_US","og_type":"article","og_title":"Funds - Invest Tech","og_description":"[vc_row el_id=&#8221;content-1&#8243; el_class=&#8221;max-width-800&#8243;][vc_column][vc_custom_heading text=&#8221;FUNDOS&#8221; font_container=&#8221;tag:h3|font_size:22px|text_align:center|color:%232a495f|line_height:30px&#8221; use_theme_fonts=&#8221;yes&#8221; el_class=&#8221;title red-line center&#8221; css=&#8221;.vc_custom_1567195244536{margin-top: 0px !important;margin-bottom: 45px !important;}&#8221;][\/vc_column][\/vc_row][vc_row el_class=&#8221;max-width-800&#8243;][vc_column][vc_column_text] Private Equity Vis\u00e3o Geral Fundos ativos: 3 AUM: R$381,0 milh\u00f5es Empresas Investidas: 8 N\u00famero de colaboradores operacionais: 2.251 &nbsp; Estrat\u00e9gia Nosso neg\u00f3cio de Private Equity est\u00e1 focado em adquirir empresas com alto potencial de crescimento, com modelos de neg\u00f3cio comprovados, [&hellip;]","og_url":"https:\/\/investtech.com.br\/fundos\/","og_site_name":"Invest Tech","article_modified_time":"2019-09-11T22:50:38+00:00","og_image":[{"width":2000,"height":853,"url":"https:\/\/investtech.com.br\/wp-content\/uploads\/2019\/09\/invest-tech-invest-tech-sao-paulo-1-1.jpg","type":"image\/jpeg"}],"twitter_card":"summary_large_image","twitter_misc":{"Est. reading time":"2 minutes"},"schema":{"@context":"https:\/\/schema.org","@graph":[{"@type":"WebPage","@id":"https:\/\/investtech.com.br\/fundos\/","url":"https:\/\/investtech.com.br\/fundos\/","name":"Funds - Invest Tech","isPartOf":{"@id":"https:\/\/investtech.com.br\/#website"},"datePublished":"2019-08-30T18:11:37+00:00","dateModified":"2019-09-11T22:50:38+00:00","breadcrumb":{"@id":"https:\/\/investtech.com.br\/fundos\/#breadcrumb"},"inLanguage":"en-US","potentialAction":[{"@type":"ReadAction","target":["https:\/\/investtech.com.br\/fundos\/"]}]},{"@type":"BreadcrumbList","@id":"https:\/\/investtech.com.br\/fundos\/#breadcrumb","itemListElement":[{"@type":"ListItem","position":1,"name":"In\u00edcio","item":"https:\/\/investtech.com.br\/"},{"@type":"ListItem","position":2,"name":"Fundos"}]},{"@type":"WebSite","@id":"https:\/\/investtech.com.br\/#website","url":"https:\/\/investtech.com.br\/","name":"Invest Tech","description":"","potentialAction":[{"@type":"SearchAction","target":{"@type":"EntryPoint","urlTemplate":"https:\/\/investtech.com.br\/?s={search_term_string}"},"query-input":{"@type":"PropertyValueSpecification","valueRequired":true,"valueName":"search_term_string"}}],"inLanguage":"en-US"}]}},"_links":{"self":[{"href":"https:\/\/investtech.com.br\/en\/wp-json\/wp\/v2\/pages\/1231","targetHints":{"allow":["GET"]}}],"collection":[{"href":"https:\/\/investtech.com.br\/en\/wp-json\/wp\/v2\/pages"}],"about":[{"href":"https:\/\/investtech.com.br\/en\/wp-json\/wp\/v2\/types\/page"}],"author":[{"embeddable":true,"href":"https:\/\/investtech.com.br\/en\/wp-json\/wp\/v2\/users\/2"}],"replies":[{"embeddable":true,"href":"https:\/\/investtech.com.br\/en\/wp-json\/wp\/v2\/comments?post=1231"}],"version-history":[{"count":9,"href":"https:\/\/investtech.com.br\/en\/wp-json\/wp\/v2\/pages\/1231\/revisions"}],"predecessor-version":[{"id":1481,"href":"https:\/\/investtech.com.br\/en\/wp-json\/wp\/v2\/pages\/1231\/revisions\/1481"}],"wp:attachment":[{"href":"https:\/\/investtech.com.br\/en\/wp-json\/wp\/v2\/media?parent=1231"}],"curies":[{"name":"wp","href":"https:\/\/api.w.org\/{rel}","templated":true}]}}